{"id":2237,"date":"2025-07-07T14:27:02","date_gmt":"2025-07-07T12:27:02","guid":{"rendered":"https:\/\/smppolesine.provincia.rovigo.it\/?page_id=2237"},"modified":"2025-07-08T10:48:01","modified_gmt":"2025-07-08T08:48:01","slug":"cookie-policy","status":"publish","type":"page","link":"https:\/\/smppolesine.provincia.rovigo.it\/index.php\/cookie-policy\/","title":{"rendered":"Cookie Policy"},"content":{"rendered":"<p>[et_pb_section fb_built=&#8221;1&#8243; inner_shadow=&#8221;on&#8221; fullwidth=&#8221;on&#8221; _builder_version=&#8221;4.27.4&#8243; background_color=&#8221;#842c2b&#8221; global_colors_info=&#8221;{}&#8221;][et_pb_fullwidth_header title=&#8221;Cookie Policy&#8221; content_max_width=&#8221;none&#8221; _builder_version=&#8221;4.27.4&#8243; background_color=&#8221;rgba(255, 255, 255, 0)&#8221; global_colors_info=&#8221;{}&#8221; button_one_text_size__hover_enabled=&#8221;off&#8221; button_two_text_size__hover_enabled=&#8221;off&#8221; button_one_text_color__hover_enabled=&#8221;off&#8221; button_two_text_color__hover_enabled=&#8221;off&#8221; button_one_border_width__hover_enabled=&#8221;off&#8221; button_two_border_width__hover_enabled=&#8221;off&#8221; button_one_border_color__hover_enabled=&#8221;off&#8221; button_two_border_color__hover_enabled=&#8221;off&#8221; button_one_border_radius__hover_enabled=&#8221;off&#8221; button_two_border_radius__hover_enabled=&#8221;off&#8221; button_one_letter_spacing__hover_enabled=&#8221;off&#8221; button_two_letter_spacing__hover_enabled=&#8221;off&#8221; button_one_bg_color__hover_enabled=&#8221;off&#8221; button_two_bg_color__hover_enabled=&#8221;off&#8221;][\/et_pb_fullwidth_header][\/et_pb_section][et_pb_section fb_built=&#8221;1&#8243; specialty=&#8221;on&#8221; _builder_version=&#8221;4.16&#8243; global_colors_info=&#8221;{}&#8221;][et_pb_column type=&#8221;3_4&#8243; specialty_columns=&#8221;3&#8243; _builder_version=&#8221;4.16&#8243; custom_padding=&#8221;|||&#8221; global_colors_info=&#8221;{}&#8221; custom_padding__hover=&#8221;|||&#8221;][et_pb_row_inner _builder_version=&#8221;4.16&#8243; global_colors_info=&#8221;{}&#8221;][et_pb_column_inner saved_specialty_column_type=&#8221;3_4&#8243; _builder_version=&#8221;4.16&#8243; custom_padding=&#8221;|||&#8221; global_colors_info=&#8221;{}&#8221; custom_padding__hover=&#8221;|||&#8221;][et_pb_text _builder_version=&#8221;4.27.4&#8243; _module_preset=&#8221;default&#8221; hover_enabled=&#8221;0&#8243; sticky_enabled=&#8221;0&#8243;]<\/p>\n<p>Il sito web <strong>https:\/\/smppolesine.provincia.rovigo.it\/<\/strong> utilizza cookie per migliorare l&#8217;esperienza di navigazione degli utenti e per fornire determinati servizi.<\/p>\n<h2>Cosa sono i cookie<\/h2>\n<p>Un &#8220;cookie&#8221; \u00e8 un piccolo file di testo creato sul computer dell&#8217;utente al momento in cui questo accede a un determinato sito, con lo scopo di immagazzinare e trasportare informazioni.<br \/>I cookie sono inviati da un server web (il computer sul quale \u00e8 in esecuzione il sito web visitato) al browser dell&#8217;utente (Internet Explorer, Mozilla Firefox, Google Chrome, ecc.) e memorizzati sul dispositivo;<br \/>vengono quindi re-inviati al sito web al momento delle visite successive.<\/p>\n<p>Nel corso della navigazione, l&#8217;utente potrebbe ricevere anche cookie di siti diversi (detti &#8220;cookie di terze parti&#8221;), impostati direttamente dai gestori di tali siti e utilizzati per le finalit\u00e0 e secondo le modalit\u00e0 da essi stabilite.<\/p>\n<h2>Cookie del titolare<\/h2>\n<p>Il sito utilizza esclusivamente cookie tecnici, per i quali non \u00e8 richiesto il consenso ai sensi dell&#8217;art. 122 del Codice Privacy e del Provvedimento del Garante dell&#8217;8 maggio 2014.<\/p>\n<p>Nessun dato personale degli utenti viene acquisito dal sito. Non viene fatto uso di cookie per la trasmissione di informazioni personali,<br \/>n\u00e9 vengono utilizzati cookie persistenti di alcun tipo, o sistemi di tracciamento degli utenti.<\/p>\n<p>L&#8217;uso di cookie di sessione (che non vengono memorizzati in modo persistente sul computer dell&#8217;utente e svaniscono alla chiusura del browser)<br \/>\u00e8 strettamente limitato alla trasmissione di identificativi di sessione necessari per consentire l&#8217;esplorazione sicura ed efficiente del sito.<br \/>Tali cookie di sessione evitano il ricorso a tecniche informatiche potenzialmente pregiudizievoli per la riservatezza della navigazione<br \/>e non consentono l&#8217;acquisizione di dati personali identificativi dell&#8217;utente.<\/p>\n<h2>Cookie di terze parti<\/h2>\n<p>La validit\u00e0 dell\u2019informativa \u00e8 limitata al solo sito <strong>https:\/\/smppolesine.provincia.rovigo.it\/<\/strong> e non si estende ad altri siti web eventualmente consultabili tramite collegamenti ipertestuali.<\/p>\n<p>Il sito utilizza i seguenti servizi di terze parti:<\/p>\n<h3>YouTube<\/h3>\n<p>Servizio per la visualizzazione di contenuti video fornito da Google Inc., che consente l&#8217;integrazione di contenuti video all&#8217;interno delle pagine del sito.<\/p>\n<ul>\n<li><a href=\"http:\/\/www.google.com\/policies\/privacy\/\" target=\"_blank\" rel=\"noopener\">Informativa sulla privacy<\/a><\/li>\n<li><a href=\"https:\/\/developers.google.com\/youtube\/terms\" target=\"_blank\" rel=\"noopener\">Termini di servizio<\/a><\/li>\n<\/ul>\n<h3>Google Maps<\/h3>\n<p>Servizio di visualizzazione di mappe geografiche interattive fornito da Google Inc.<\/p>\n<ul>\n<li><a href=\"https:\/\/policies.google.com\/privacy\" target=\"_blank\" rel=\"noopener\">Informativa sulla privacy<\/a><\/li>\n<\/ul>\n<p>Per la disattivazione, cancellazione o gestione dei cookie di terze parti, fare riferimento al paragrafo seguente.<\/p>\n<h2>Disabilitazione dei cookie<\/h2>\n<p>Fermo restando quanto sopra indicato in ordine ai cookie strettamente necessari alla navigazione,<br \/>l\u2019utente pu\u00f2 eliminare gli altri cookie tramite la funzionalit\u00e0 messa a disposizione dal Titolare oppure direttamente attraverso il proprio browser.<\/p>\n<p>Ogni browser presenta procedure diverse per la gestione delle impostazioni. Ecco alcuni link utili:<\/p>\n<ul>\n<li><a href=\"https:\/\/support.microsoft.com\/help\/17442\/windows-internet-explorer-delete-manage-cookies\" target=\"_blank\" rel=\"noopener\">Microsoft Windows Explorer<\/a><\/li>\n<li><a href=\"https:\/\/support.google.com\/chrome\/answer\/95647?hl=it\" target=\"_blank\" rel=\"noopener\">Google Chrome<\/a><\/li>\n<li><a href=\"https:\/\/support.mozilla.org\/it\/kb\/Gestione%20dei%20cookie\" target=\"_blank\" rel=\"noopener\">Mozilla Firefox<\/a><\/li>\n<li><a href=\"https:\/\/support.apple.com\/it-it\/HT201265\" target=\"_blank\" rel=\"noopener\">Apple Safari<\/a><\/li>\n<\/ul>\n<p>La disattivazione dei cookie di terze parti \u00e8 inoltre possibile attraverso le modalit\u00e0 rese disponibili direttamente dalle societ\u00e0 terze titolari per detto trattamento,<br \/>come indicato nei rispettivi paragrafi sopra.<\/p>\n<p>&nbsp;<\/p>\n<p>[\/et_pb_text][\/et_pb_column_inner][\/et_pb_row_inner][\/et_pb_column][et_pb_column type=&#8221;1_4&#8243; _builder_version=&#8221;4.16&#8243; custom_padding=&#8221;|||&#8221; global_colors_info=&#8221;{}&#8221; custom_padding__hover=&#8221;|||&#8221;][et_pb_sidebar orientation=&#8221;right&#8221; _builder_version=&#8221;4.16&#8243; global_colors_info=&#8221;{}&#8221;][\/et_pb_sidebar][\/et_pb_column][\/et_pb_section]<\/p>\n","protected":false},"excerpt":{"rendered":"<p>Il sito web https:\/\/smppolesine.provincia.rovigo.it\/ utilizza cookie per migliorare l&#8217;esperienza di navigazione degli utenti e per fornire determinati servizi. Cosa sono i cookie Un &#8220;cookie&#8221; \u00e8 un piccolo file di testo creato sul computer dell&#8217;utente al momento in cui questo accede a un determinato sito, con lo scopo di immagazzinare e trasportare informazioni.I cookie sono inviati [&hellip;]<\/p>\n","protected":false},"author":2,"featured_media":0,"parent":0,"menu_order":0,"comment_status":"closed","ping_status":"closed","template":"","meta":{"_et_pb_use_builder":"on","_et_pb_old_content":"<!-- wp:heading -->\r\n<h2 class=\"wp-block-heading\">Chi siamo<\/h2>\r\n<!-- \/wp:heading -->\r\n\r\n<!-- wp:paragraph -->\r\n<p>L'indirizzo del nostro sito web \u00e8: http:\/\/smppolesine.provincia.rovigo.it.<\/p>\r\n<h2>Quali dati personali raccogliamo e perch\u00e9 li raccogliamo<\/h2>\r\n<h3>Commenti<\/h3>\r\n<p>Quando i visitatori lasciano commenti sul sito, raccogliamo i dati mostrati nel modulo dei commenti oltre all\u2019indirizzo IP del visitatore e la stringa dello user agent del browser per facilitare il rilevamento dello spam.<\/p>\r\n<p>Una stringa anonimizzata creata a partire dal tuo indirizzo email (altrimenti detta hash) pu\u00f2 essere fornita al servizio Gravatar per vedere se lo stai usando. La privacy policy del servizio Gravatar \u00e8 disponibile qui: https:\/\/automattic.com\/privacy\/. Dopo l\u2019approvazione del tuo commento, la tua immagine del profilo \u00e8 visibile al pubblico nel contesto del tuo commento.<\/p>\r\n<h3>Media<\/h3>\r\n<p>Se carichi immagini sul sito web, dovresti evitare di caricare immagini che includono i dati di posizione incorporati (EXIF GPS). I visitatori del sito web possono scaricare ed estrarre qualsiasi dato sulla posizione dalle immagini sul sito web.<\/p>\r\n<h2>Modulo di contatto<\/h2>\r\n<h3>Cookie<\/h3>\r\n<p>Se lasci un commento sul nostro sito, puoi scegliere di salvare il tuo nome, indirizzo email e sito web nei cookie. Sono usati per la tua comodit\u00e0 in modo che tu non debba inserire nuovamente i tuoi dati quando lasci un altro commento. Questi cookie dureranno per un anno.<\/p>\r\n<p>Se visiti la pagina di login, verr\u00e0 impostato un cookie temporaneo per determinare se il tuo browser accetta i cookie. Questo cookie non contiene dati personali e viene eliminato quando chiudi il browser.<\/p>\r\n<p>Quando effettui l\u2019accesso, verranno impostati diversi cookie per salvare le tue informazioni di accesso e le tue opzioni di visualizzazione dello schermo. I cookie di accesso durano due giorni mentre i cookie per le opzioni dello schermo durano un anno. Se selezioni \u201cRicordami\u201d, il tuo accesso persister\u00e0 per due settimane. Se esci dal tuo account, i cookie di accesso verranno rimossi.<\/p>\r\n<p>Se modifichi o pubblichi un articolo, un cookie aggiuntivo verr\u00e0 salvato nel tuo browser. Questo cookie non include dati personali, ma indica semplicemente l\u2019ID dell\u2019articolo appena modificato. Scade dopo 1 giorno.<\/p>\r\n<h2>Contenuto incorporato da altri siti web<\/h2>\r\n<p>Gli articoli su questo sito possono includere contenuti incorporati (ad esempio video, immagini, articoli, ecc.). I contenuti incorporati da altri siti web si comportano esattamente allo stesso modo come se il visitatore avesse visitato l\u2019altro sito web.<\/p>\r\n<p>Questi siti web possono raccogliere dati su di te, usare cookie, integrare ulteriori tracciamenti di terze parti e monitorare l\u2019interazione con essi, incluso il tracciamento della tua interazione con il contenuto incorporato se hai un account e sei connesso a quei siti web.<\/p>\r\n<h3>Analytics<\/h3>\r\n<h2>Con chi condividiamo i tuoi dati<\/h2>\r\n<p>Se richiedi una reimpostazione della password, il tuo indirizzo IP verr\u00e0 incluso nell\u2019email di reimpostazione.<\/p>\r\n<h2>Per quanto tempo conserviamo i tuoi dati<\/h2>\r\n<p>Se lasci un commento, il commento e i relativi metadati vengono conservati a tempo indeterminato. \u00c8 cos\u00ec che possiamo riconoscere e approvare automaticamente eventuali commenti successivi invece di tenerli in una coda di moderazione.<\/p>\r\n<p>Per gli utenti che si registrano sul nostro sito web (se presenti), memorizziamo anche le informazioni personali che forniscono nel loro profilo utente. Tutti gli utenti possono vedere, modificare o cancellare le loro informazioni personali in qualsiasi momento (eccetto il loro nome utente che non possono cambiare). Gli amministratori del sito web possono anche vedere e modificare queste informazioni.<\/p>\r\n<h2>Quali diritti hai sui tuoi dati<\/h2>\r\n<p>Se hai un account su questo sito, o hai lasciato commenti, puoi richiedere di ricevere un file esportato dal sito con i dati personali che abbiamo su di te, compresi i dati che ci hai fornito. Puoi anche richiedere che cancelliamo tutti i dati personali che ti riguardano. Questo non include i dati che siamo obbligati a conservare per scopi amministrativi, legali o di sicurezza.<\/p>\r\n<h2>Dove spediamo i tuoi dati<\/h2>\r\n<p>I commenti dei visitatori possono essere controllati attraverso un servizio di rilevamento automatico dello spam.<\/p>\r\n<!-- \/wp:paragraph -->\r\n\r\n<!-- wp:heading --><!-- \/wp:paragraph -->\r\n<p>\u00a0<\/p>","_et_gb_content_width":"","footnotes":""},"class_list":["post-2237","page","type-page","status-publish","hentry"],"_links":{"self":[{"href":"https:\/\/smppolesine.provincia.rovigo.it\/index.php\/wp-json\/wp\/v2\/pages\/2237","targetHints":{"allow":["GET"]}}],"collection":[{"href":"https:\/\/smppolesine.provincia.rovigo.it\/index.php\/wp-json\/wp\/v2\/pages"}],"about":[{"href":"https:\/\/smppolesine.provincia.rovigo.it\/index.php\/wp-json\/wp\/v2\/types\/page"}],"author":[{"embeddable":true,"href":"https:\/\/smppolesine.provincia.rovigo.it\/index.php\/wp-json\/wp\/v2\/users\/2"}],"replies":[{"embeddable":true,"href":"https:\/\/smppolesine.provincia.rovigo.it\/index.php\/wp-json\/wp\/v2\/comments?post=2237"}],"version-history":[{"count":8,"href":"https:\/\/smppolesine.provincia.rovigo.it\/index.php\/wp-json\/wp\/v2\/pages\/2237\/revisions"}],"predecessor-version":[{"id":2270,"href":"https:\/\/smppolesine.provincia.rovigo.it\/index.php\/wp-json\/wp\/v2\/pages\/2237\/revisions\/2270"}],"wp:attachment":[{"href":"https:\/\/smppolesine.provincia.rovigo.it\/index.php\/wp-json\/wp\/v2\/media?parent=2237"}],"curies":[{"name":"wp","href":"https:\/\/api.w.org\/{rel}","templated":true}]}}